{"id":17,"date":"2025-05-21T20:58:00","date_gmt":"2025-05-21T18:58:00","guid":{"rendered":"https:\/\/tscfischbeckfuballwe2077.live-website.com\/?page_id=17"},"modified":"2025-05-27T21:08:59","modified_gmt":"2025-05-27T19:08:59","slug":"foerderverein","status":"publish","type":"page","link":"https:\/\/tsc-fischbeck.de\/index.php\/foerderverein\/","title":{"rendered":"F\u00f6rderverein"},"content":{"rendered":"\n<figure class=\"wp-block-image size-full is-resized\"><img loading=\"lazy\" decoding=\"async\" width=\"885\" height=\"885\" src=\"https:\/\/tscfischbeckfuballwe2077.live-website.com\/wp-content\/uploads\/2025\/05\/Foerderverein_Wappen.png\" alt=\"\" class=\"wp-image-35\" style=\"width:335px;height:auto\" srcset=\"https:\/\/tsc-fischbeck.de\/wp-content\/uploads\/2025\/05\/Foerderverein_Wappen.png 885w, https:\/\/tsc-fischbeck.de\/wp-content\/uploads\/2025\/05\/Foerderverein_Wappen-300x300.png 300w, https:\/\/tsc-fischbeck.de\/wp-content\/uploads\/2025\/05\/Foerderverein_Wappen-150x150.png 150w, https:\/\/tsc-fischbeck.de\/wp-content\/uploads\/2025\/05\/Foerderverein_Wappen-768x768.png 768w\" sizes=\"auto, (max-width: 885px) 100vw, 885px\" \/><\/figure>\n\n\n\n<p><strong>Wir sind ein eingetragener Verein der gemeinn\u00fctzig t\u00e4tig ist.<\/strong><br><strong>Zweck des Vereins ist die F\u00f6rderung des Sports durch die finanzielle Unterst\u00fctzung der Herrenmannschaften der Sparte Fu\u00dfball und der Integration der Jugendspieler in den Seniorenbereich.<\/strong><\/p>\n\n\n\n<p><strong>Vorstand:<\/strong><\/p>\n\n\n\n<p><strong>1. Vorsitzender: Lars Niemand<\/strong><\/p>\n\n\n\n<p><strong>2. Vorsitzender: Oliver Wietek<\/strong><\/p>\n\n\n\n<p><strong>Gesch\u00e4ftsf\u00fchrer: Markus Mai<\/strong><\/p>\n\n\n\n<p><strong>Kassenwart: Eyck Jakobi<\/strong><\/p>\n\n\n\n<p><strong>Schriftf\u00fchrer: Predrag Balcak<\/strong><\/p>\n\n\n\n<p><a href=\"https:\/\/tscfischbeckfuballwe2077.live-website.com\/wp-content\/uploads\/2025\/05\/Foerderverein_AufnahmeantragSepa2-seitigsw.pdf\" data-type=\"attachment\" data-id=\"38\">Aufnahmeantrag F\u00f6rderverein<\/a><\/p>\n","protected":false},"excerpt":{"rendered":"<p>Wir sind ein eingetragener Verein der gemeinn\u00fctzig t\u00e4tig ist.Zweck des Vereins ist die F\u00f6rderung des Sports durch die finanzielle Unterst\u00fctzung der Herrenmannschaften der Sparte Fu\u00dfball und der Integration der Jugendspieler in den Seniorenbereich. Vorstand: 1. Vorsitzender: Lars Niemand 2. Vorsitzender: Oliver Wietek Gesch\u00e4ftsf\u00fchrer: Markus Mai Kassenwart: Eyck Jakobi Schriftf\u00fchrer: Predrag Balcak Aufnahmeantrag F\u00f6rderverein<\/p>\n","protected":false},"author":1,"featured_media":0,"parent":0,"menu_order":0,"comment_status":"closed","ping_status":"closed","template":"","meta":{"footnotes":""},"class_list":["post-17","page","type-page","status-publish","hentry"],"_links":{"self":[{"href":"https:\/\/tsc-fischbeck.de\/index.php\/wp-json\/wp\/v2\/pages\/17","targetHints":{"allow":["GET"]}}],"collection":[{"href":"https:\/\/tsc-fischbeck.de\/index.php\/wp-json\/wp\/v2\/pages"}],"about":[{"href":"https:\/\/tsc-fischbeck.de\/index.php\/wp-json\/wp\/v2\/types\/page"}],"author":[{"embeddable":true,"href":"https:\/\/tsc-fischbeck.de\/index.php\/wp-json\/wp\/v2\/users\/1"}],"replies":[{"embeddable":true,"href":"https:\/\/tsc-fischbeck.de\/index.php\/wp-json\/wp\/v2\/comments?post=17"}],"version-history":[{"count":3,"href":"https:\/\/tsc-fischbeck.de\/index.php\/wp-json\/wp\/v2\/pages\/17\/revisions"}],"predecessor-version":[{"id":39,"href":"https:\/\/tsc-fischbeck.de\/index.php\/wp-json\/wp\/v2\/pages\/17\/revisions\/39"}],"wp:attachment":[{"href":"https:\/\/tsc-fischbeck.de\/index.php\/wp-json\/wp\/v2\/media?parent=17"}],"curies":[{"name":"wp","href":"https:\/\/api.w.org\/{rel}","templated":true}]}}