{"id":27,"date":"2025-05-27T20:55:55","date_gmt":"2025-05-27T18:55:55","guid":{"rendered":"https:\/\/tscfischbeckfuballwe2077.live-website.com\/?page_id=27"},"modified":"2025-10-14T16:38:30","modified_gmt":"2025-10-14T14:38:30","slug":"formulare","status":"publish","type":"page","link":"https:\/\/tsc-fischbeck.de\/index.php\/formulare\/","title":{"rendered":"Formulare"},"content":{"rendered":"\n<p class=\"is-style-default\"><a href=\"https:\/\/tsc-fischbeck.de\/wp-content\/uploads\/2025\/10\/Antrag-auf-Mitgliedschaft-260101.pdf\" data-type=\"attachment\" data-id=\"22\">Antrag auf Mitgliedschaft beim TSC Fischbeck<\/a><\/p>\n\n\n\n<p><a href=\"https:\/\/tscfischbeckfuballwe2077.live-website.com\/wp-content\/uploads\/2025\/05\/Spielerlaubnisantrag_NFV_TSC-1.pdf\" data-type=\"attachment\" data-id=\"24\">Spielerlaubnisantrag des NFV f\u00fcr den TSC<\/a><\/p>\n\n\n\n<p><a href=\"https:\/\/tscfischbeckfuballwe2077.live-website.com\/wp-content\/uploads\/2025\/05\/Zusatzerklaerung_Auslaender_2019-08-26.pdf\" data-type=\"attachment\" data-id=\"26\">Zusatzerkl\u00e4erung f\u00fcr Ausl\u00e4nder<\/a><\/p>\n\n\n\n<p><a href=\"https:\/\/tscfischbeckfuballwe2077.live-website.com\/wp-content\/uploads\/2025\/05\/TSCAS.pdf\" data-type=\"attachment\" data-id=\"25\">Abmeldung Seniorenbereich<\/a><\/p>\n\n\n\n<p><a href=\"https:\/\/tscfischbeckfuballwe2077.live-website.com\/wp-content\/uploads\/2025\/05\/document.pdf\" data-type=\"attachment\" data-id=\"23\">Abmeldung Juniorenbereich<\/a><\/p>\n\n\n\n<p><\/p>\n","protected":false},"excerpt":{"rendered":"<p>Antrag auf Mitgliedschaft beim TSC Fischbeck Spielerlaubnisantrag des NFV f\u00fcr den TSC Zusatzerkl\u00e4erung f\u00fcr Ausl\u00e4nder Abmeldung Seniorenbereich Abmeldung Juniorenbereich<\/p>\n","protected":false},"author":1,"featured_media":0,"parent":0,"menu_order":0,"comment_status":"closed","ping_status":"closed","template":"","meta":{"footnotes":""},"class_list":["post-27","page","type-page","status-publish","hentry"],"_links":{"self":[{"href":"https:\/\/tsc-fischbeck.de\/index.php\/wp-json\/wp\/v2\/pages\/27","targetHints":{"allow":["GET"]}}],"collection":[{"href":"https:\/\/tsc-fischbeck.de\/index.php\/wp-json\/wp\/v2\/pages"}],"about":[{"href":"https:\/\/tsc-fischbeck.de\/index.php\/wp-json\/wp\/v2\/types\/page"}],"author":[{"embeddable":true,"href":"https:\/\/tsc-fischbeck.de\/index.php\/wp-json\/wp\/v2\/users\/1"}],"replies":[{"embeddable":true,"href":"https:\/\/tsc-fischbeck.de\/index.php\/wp-json\/wp\/v2\/comments?post=27"}],"version-history":[{"count":2,"href":"https:\/\/tsc-fischbeck.de\/index.php\/wp-json\/wp\/v2\/pages\/27\/revisions"}],"predecessor-version":[{"id":77,"href":"https:\/\/tsc-fischbeck.de\/index.php\/wp-json\/wp\/v2\/pages\/27\/revisions\/77"}],"wp:attachment":[{"href":"https:\/\/tsc-fischbeck.de\/index.php\/wp-json\/wp\/v2\/media?parent=27"}],"curies":[{"name":"wp","href":"https:\/\/api.w.org\/{rel}","templated":true}]}}